{"id":318,"date":"2025-01-29T08:17:34","date_gmt":"2025-01-29T07:17:34","guid":{"rendered":"https:\/\/jajsem.eu\/?page_id=318"},"modified":"2025-01-29T08:17:34","modified_gmt":"2025-01-29T07:17:34","slug":"proc-pisu-o-ajurvede","status":"publish","type":"page","link":"https:\/\/jajsem.eu\/index.php\/proc-pisu-o-ajurvede\/","title":{"rendered":"Pro\u010d p\u00ed\u0161u o \u00e1jurv\u00e9d\u011b?"},"content":{"rendered":"\n<p>P\u00ed\u0161u o \u00e1jurv\u00e9d\u011b, proto\u017ee mi zm\u011bnila \u017eivot. Pomohla mi pochopit, jak t\u011blo a mysl funguj\u00ed, a nau\u010dila m\u011b, \u017ee zdrav\u00ed nen\u00ed jen o tom, co j\u00edme nebo jak se h\u00fdbeme, ale o celkov\u00e9m souladu s p\u0159\u00edrodou, rytmy \u017eivota a sebou sam\u00fdm.<\/p>\n\n\n\n<p>Za\u010dalo to vlastn\u00edm hled\u00e1n\u00edm rovnov\u00e1hy \u2013 pro sebe, pro svou rodinu, pro \u017eivot, kter\u00fd d\u00e1v\u00e1 smysl. \u00c1jurv\u00e9da mi uk\u00e1zala cestu, jak znovu z\u00edskat zdrav\u00ed, s\u00edlu a klid. A proto\u017ee v\u00edm, jak moc dok\u00e1\u017ee pomoct, nem\u016f\u017eu si ji nechat jen pro sebe. Chci, aby co nejv\u00edc lid\u00ed objevilo, \u017ee i mal\u00e9 zm\u011bny mohou m\u00edt obrovsk\u00fd dopad.<\/p>\n\n\n\n<p>P\u00ed\u0161u tak, aby byla \u00e1jurv\u00e9da srozumiteln\u00e1, praktick\u00e1 a hlavn\u011b pou\u017eiteln\u00e1 v ka\u017edodenn\u00edm \u017eivot\u011b. Bez slo\u017eit\u00fdch teori\u00ed, ale s respektem k jej\u00edm hlubok\u00fdm princip\u016fm. P\u0159in\u00e1\u0161\u00edm humor, nadhled a konkr\u00e9tn\u00ed tipy, kter\u00e9 si lid\u00e9 mohou hned vyzkou\u0161et \u2013 a\u0165 u\u017e jde o lep\u0161\u00ed sp\u00e1nek, v\u00edce energie nebo klidn\u011bj\u0161\u00ed mysl.<\/p>\n\n\n\n<p>Chci, aby se lid\u00e9 c\u00edtili l\u00e9pe. Aby v\u011bd\u011bli, \u017ee jejich t\u011blo i mysl maj\u00ed neuv\u011b\u0159itelnou schopnost regenerace. A \u017ee zdrav\u00ed nen\u00ed n\u00e1hoda, ale v\u00fdsledek mal\u00fdch rozhodnut\u00ed, kter\u00e1 d\u011bl\u00e1me ka\u017ed\u00fd den. Pokud jim moje slova pom\u016f\u017eou c\u00edtit se o kousek l\u00edp, splnila jsem sv\u016fj z\u00e1m\u011br.<\/p>\n","protected":false},"excerpt":{"rendered":"<p>P\u00ed\u0161u o \u00e1jurv\u00e9d\u011b, proto\u017ee mi zm\u011bnila \u017eivot. Pomohla mi pochopit, jak t\u011blo a mysl funguj\u00ed, a nau\u010dila m\u011b, \u017ee zdrav\u00ed nen\u00ed jen o tom, co j\u00edme nebo jak se h\u00fdbeme, ale o celkov\u00e9m souladu s p\u0159\u00edrodou, rytmy \u017eivota a sebou sam\u00fdm. Za\u010dalo to vlastn\u00edm hled\u00e1n\u00edm rovnov\u00e1hy \u2013 pro sebe, pro svou rodinu, pro \u017eivot, kter\u00fd&#8230;<\/p>\n","protected":false},"author":1,"featured_media":0,"parent":0,"menu_order":0,"comment_status":"closed","ping_status":"closed","template":"","meta":{"footnotes":""},"class_list":["post-318","page","type-page","status-publish","hentry"],"_links":{"self":[{"href":"https:\/\/jajsem.eu\/index.php\/wp-json\/wp\/v2\/pages\/318","targetHints":{"allow":["GET"]}}],"collection":[{"href":"https:\/\/jajsem.eu\/index.php\/wp-json\/wp\/v2\/pages"}],"about":[{"href":"https:\/\/jajsem.eu\/index.php\/wp-json\/wp\/v2\/types\/page"}],"author":[{"embeddable":true,"href":"https:\/\/jajsem.eu\/index.php\/wp-json\/wp\/v2\/users\/1"}],"replies":[{"embeddable":true,"href":"https:\/\/jajsem.eu\/index.php\/wp-json\/wp\/v2\/comments?post=318"}],"version-history":[{"count":1,"href":"https:\/\/jajsem.eu\/index.php\/wp-json\/wp\/v2\/pages\/318\/revisions"}],"predecessor-version":[{"id":319,"href":"https:\/\/jajsem.eu\/index.php\/wp-json\/wp\/v2\/pages\/318\/revisions\/319"}],"wp:attachment":[{"href":"https:\/\/jajsem.eu\/index.php\/wp-json\/wp\/v2\/media?parent=318"}],"curies":[{"name":"wp","href":"https:\/\/api.w.org\/{rel}","templated":true}]}}